{"id":128,"date":"2024-11-27T17:31:34","date_gmt":"2024-11-27T16:31:34","guid":{"rendered":"https:\/\/csetenyireformatus.hu\/?page_id=128"},"modified":"2025-01-16T18:38:54","modified_gmt":"2025-01-16T17:38:54","slug":"bizonysagtetel","status":"publish","type":"page","link":"https:\/\/csetenyireformatus.hu\/?page_id=128","title":{"rendered":"BIZONYS\u00c1GT\u00c9TEL"},"content":{"rendered":"<div  class='av-alb-blogposts template-blog  av-blog-meta-author-disabled av-blog-meta-comments-disabled av-blog-meta-html-info-disabled av-blog-meta-tag-disabled av_force_fullwidth '  itemscope=\"itemscope\" itemtype=\"https:\/\/schema.org\/Blog\" ><article class=\"post-entry post-entry-type-standard post-entry-962 post-loop-1 post-parity-odd bloglist-simple with-slider post-962 post type-post status-publish format-standard has-post-thumbnail hentry category-beszamolok category-gyulekezeti-hirek category-hirdetmenyek\"  itemscope=\"itemscope\" itemtype=\"https:\/\/schema.org\/BlogPosting\" ><div class=\"blog-meta\"><\/div><div class='entry-content-wrapper clearfix standard-content'><header class=\"entry-content-header\" aria-label=\"Post: Felt\u00e1mad\u00e1s \u00fcnnepi gondolatok\"><h2 class='post-title entry-title '  itemprop=\"headline\" ><a href=\"https:\/\/csetenyireformatus.hu\/?p=962\" rel=\"bookmark\" title=\"Permanent Link: Felt\u00e1mad\u00e1s \u00fcnnepi gondolatok\">Felt\u00e1mad\u00e1s \u00fcnnepi gondolatok<span class=\"post-format-icon minor-meta\"><\/span><\/a><\/h2><span class=\"post-meta-infos\"><time class=\"date-container minor-meta updated\"  itemprop=\"datePublished\" datetime=\"2026-04-01T16:09:16+02:00\" >2026.04.01.<\/time><span class=\"text-sep\">\/<\/span><span class=\"blog-categories minor-meta\">Kateg\u00f3ria: <a href=\"https:\/\/csetenyireformatus.hu\/?cat=7\" rel=\"tag\">Besz\u00e1mol\u00f3k<\/a>, <a href=\"https:\/\/csetenyireformatus.hu\/?cat=4\" rel=\"tag\">Gy\u00fclekezeti h\u00edrek<\/a>, <a href=\"https:\/\/csetenyireformatus.hu\/?cat=5\" rel=\"tag\">Hirdetm\u00e9nyek<\/a><\/span><div class=\"read-more-link\"><a href=\"https:\/\/csetenyireformatus.hu\/?p=962\" class=\"more-link\">Olvass tov\u00e1bb<span class=\"more-link-arrow\"><\/span><\/a><\/div><\/span><\/header><footer class=\"entry-footer\"><\/footer><div class='post_delimiter'><\/div><\/div><div class=\"post_author_timeline\"><\/div><span class='hidden'>\n\t\t\t\t<span class='av-structured-data'  itemprop=\"image\" itemscope=\"itemscope\" itemtype=\"https:\/\/schema.org\/ImageObject\" >\n\t\t\t\t\t\t<span itemprop='url'>https:\/\/csetenyireformatus.hu\/wp-content\/uploads\/2026\/04\/feltamadas-kerszet-pixabay-e1649958999575-1200x600-1.jpg<\/span>\n\t\t\t\t\t\t<span itemprop='height'>600<\/span>\n\t\t\t\t\t\t<span itemprop='width'>1200<\/span>\n\t\t\t\t<\/span>\n\t\t\t\t<span class='av-structured-data'  itemprop=\"publisher\" itemtype=\"https:\/\/schema.org\/Organization\" itemscope=\"itemscope\" >\n\t\t\t\t\t\t<span itemprop='name'>csetenyirefadmin<\/span>\n\t\t\t\t\t\t<span itemprop='logo' itemscope itemtype='https:\/\/schema.org\/ImageObject'>\n\t\t\t\t\t\t\t<span itemprop='url'>https:\/\/csetenyireformatus.hu\/wp-content\/uploads\/2025\/01\/header-300x93.png<\/span>\n\t\t\t\t\t\t<\/span>\n\t\t\t\t<\/span><span class='av-structured-data'  itemprop=\"author\" itemscope=\"itemscope\" itemtype=\"https:\/\/schema.org\/Person\" ><span itemprop='name'>csetenyirefadmin<\/span><\/span><span class='av-structured-data'  itemprop=\"datePublished\" datetime=\"2026-04-01T16:09:16+02:00\" >2026-04-01 16:09:16<\/span><span class='av-structured-data'  itemprop=\"dateModified\" itemtype=\"https:\/\/schema.org\/dateModified\" >2026-04-01 16:19:09<\/span><span class='av-structured-data'  itemprop=\"mainEntityOfPage\" itemtype=\"https:\/\/schema.org\/mainEntityOfPage\" ><span itemprop='name'>Felt\u00e1mad\u00e1s \u00fcnnepi gondolatok<\/span><\/span><\/span><\/article><article class=\"post-entry post-entry-type-standard post-entry-879 post-loop-2 post-parity-even bloglist-simple with-slider post-879 post type-post status-publish format-standard has-post-thumbnail hentry category-beszamolok category-programok\"  itemscope=\"itemscope\" itemtype=\"https:\/\/schema.org\/BlogPosting\" ><div class=\"blog-meta\"><\/div><div class='entry-content-wrapper clearfix standard-content'><header class=\"entry-content-header\" aria-label=\"Post: Dudari ifisek az ima\u00e9jjelen\"><h2 class='post-title entry-title '  itemprop=\"headline\" ><a href=\"https:\/\/csetenyireformatus.hu\/?p=879\" rel=\"bookmark\" title=\"Permanent Link: Dudari ifisek az ima\u00e9jjelen\">Dudari ifisek az ima\u00e9jjelen<span class=\"post-format-icon minor-meta\"><\/span><\/a><\/h2><span class=\"post-meta-infos\"><time class=\"date-container minor-meta updated\"  itemprop=\"datePublished\" datetime=\"2025-12-20T20:53:46+01:00\" >2025.12.20.<\/time><span class=\"text-sep\">\/<\/span><span class=\"blog-categories minor-meta\">Kateg\u00f3ria: <a href=\"https:\/\/csetenyireformatus.hu\/?cat=7\" rel=\"tag\">Besz\u00e1mol\u00f3k<\/a>, <a href=\"https:\/\/csetenyireformatus.hu\/?cat=6\" rel=\"tag\">Programok<\/a><\/span><div class=\"read-more-link\"><a href=\"https:\/\/csetenyireformatus.hu\/?p=879\" class=\"more-link\">Olvass tov\u00e1bb<span class=\"more-link-arrow\"><\/span><\/a><\/div><\/span><\/header><footer class=\"entry-footer\"><\/footer><div class='post_delimiter'><\/div><\/div><div class=\"post_author_timeline\"><\/div><span class='hidden'>\n\t\t\t\t<span class='av-structured-data'  itemprop=\"image\" itemscope=\"itemscope\" itemtype=\"https:\/\/schema.org\/ImageObject\" >\n\t\t\t\t\t\t<span itemprop='url'>https:\/\/csetenyireformatus.hu\/wp-content\/uploads\/2025\/12\/574312187_1173925344887904_898387549768114370_n.jpg<\/span>\n\t\t\t\t\t\t<span itemprop='height'>1365<\/span>\n\t\t\t\t\t\t<span itemprop='width'>2048<\/span>\n\t\t\t\t<\/span>\n\t\t\t\t<span class='av-structured-data'  itemprop=\"publisher\" itemtype=\"https:\/\/schema.org\/Organization\" itemscope=\"itemscope\" >\n\t\t\t\t\t\t<span itemprop='name'>csetenyirefadmin<\/span>\n\t\t\t\t\t\t<span itemprop='logo' itemscope itemtype='https:\/\/schema.org\/ImageObject'>\n\t\t\t\t\t\t\t<span itemprop='url'>https:\/\/csetenyireformatus.hu\/wp-content\/uploads\/2025\/01\/header-300x93.png<\/span>\n\t\t\t\t\t\t<\/span>\n\t\t\t\t<\/span><span class='av-structured-data'  itemprop=\"author\" itemscope=\"itemscope\" itemtype=\"https:\/\/schema.org\/Person\" ><span itemprop='name'>csetenyirefadmin<\/span><\/span><span class='av-structured-data'  itemprop=\"datePublished\" datetime=\"2025-12-20T20:53:46+01:00\" >2025-12-20 20:53:46<\/span><span class='av-structured-data'  itemprop=\"dateModified\" itemtype=\"https:\/\/schema.org\/dateModified\" >2025-12-20 20:53:57<\/span><span class='av-structured-data'  itemprop=\"mainEntityOfPage\" itemtype=\"https:\/\/schema.org\/mainEntityOfPage\" ><span itemprop='name'>Dudari ifisek az ima\u00e9jjelen<\/span><\/span><\/span><\/article><article class=\"post-entry post-entry-type-standard post-entry-575 post-loop-3 post-parity-odd post-entry-last bloglist-simple with-slider post-575 post type-post status-publish format-standard has-post-thumbnail hentry category-beszamolok category-hirdetmenyek\"  itemscope=\"itemscope\" itemtype=\"https:\/\/schema.org\/BlogPosting\" ><div class=\"blog-meta\"><\/div><div class='entry-content-wrapper clearfix standard-content'><header class=\"entry-content-header\" aria-label=\"Post: Megismerni, dics\u0151\u00edteni \u00e9s szolg\u00e1lni Istent &#8211; Ker\u00fcleti Ifj\u00fas\u00e1gi Konferencia\"><h2 class='post-title entry-title '  itemprop=\"headline\" ><a href=\"https:\/\/csetenyireformatus.hu\/?p=575\" rel=\"bookmark\" title=\"Permanent Link: Megismerni, dics\u0151\u00edteni \u00e9s szolg\u00e1lni Istent &#8211; Ker\u00fcleti Ifj\u00fas\u00e1gi Konferencia\">Megismerni, dics\u0151\u00edteni \u00e9s szolg\u00e1lni Istent &#8211; Ker\u00fcleti Ifj\u00fas\u00e1gi Konferencia<span class=\"post-format-icon minor-meta\"><\/span><\/a><\/h2><span class=\"post-meta-infos\"><time class=\"date-container minor-meta updated\"  itemprop=\"datePublished\" datetime=\"2025-04-13T14:37:14+02:00\" >2025.04.13.<\/time><span class=\"text-sep\">\/<\/span><span class=\"blog-categories minor-meta\">Kateg\u00f3ria: <a href=\"https:\/\/csetenyireformatus.hu\/?cat=7\" rel=\"tag\">Besz\u00e1mol\u00f3k<\/a>, <a href=\"https:\/\/csetenyireformatus.hu\/?cat=5\" rel=\"tag\">Hirdetm\u00e9nyek<\/a><\/span><div class=\"read-more-link\"><a href=\"https:\/\/csetenyireformatus.hu\/?p=575\" class=\"more-link\">Olvass tov\u00e1bb<span class=\"more-link-arrow\"><\/span><\/a><\/div><\/span><\/header><footer class=\"entry-footer\"><\/footer><div class='post_delimiter'><\/div><\/div><div class=\"post_author_timeline\"><\/div><span class='hidden'>\n\t\t\t\t<span class='av-structured-data'  itemprop=\"image\" itemscope=\"itemscope\" itemtype=\"https:\/\/schema.org\/ImageObject\" >\n\t\t\t\t\t\t<span itemprop='url'>https:\/\/csetenyireformatus.hu\/wp-content\/uploads\/2025\/04\/pic_p1190581.jpg<\/span>\n\t\t\t\t\t\t<span itemprop='height'>576<\/span>\n\t\t\t\t\t\t<span itemprop='width'>1024<\/span>\n\t\t\t\t<\/span>\n\t\t\t\t<span class='av-structured-data'  itemprop=\"publisher\" itemtype=\"https:\/\/schema.org\/Organization\" itemscope=\"itemscope\" >\n\t\t\t\t\t\t<span itemprop='name'>csetenyirefadmin<\/span>\n\t\t\t\t\t\t<span itemprop='logo' itemscope itemtype='https:\/\/schema.org\/ImageObject'>\n\t\t\t\t\t\t\t<span itemprop='url'>https:\/\/csetenyireformatus.hu\/wp-content\/uploads\/2025\/01\/header-300x93.png<\/span>\n\t\t\t\t\t\t<\/span>\n\t\t\t\t<\/span><span class='av-structured-data'  itemprop=\"author\" itemscope=\"itemscope\" itemtype=\"https:\/\/schema.org\/Person\" ><span itemprop='name'>csetenyirefadmin<\/span><\/span><span class='av-structured-data'  itemprop=\"datePublished\" datetime=\"2025-04-13T14:37:14+02:00\" >2025-04-13 14:37:14<\/span><span class='av-structured-data'  itemprop=\"dateModified\" itemtype=\"https:\/\/schema.org\/dateModified\" >2025-04-13 14:37:57<\/span><span class='av-structured-data'  itemprop=\"mainEntityOfPage\" itemtype=\"https:\/\/schema.org\/mainEntityOfPage\" ><span itemprop='name'>Megismerni, dics\u0151\u00edteni \u00e9s szolg\u00e1lni Istent &#8211; Ker\u00fcleti Ifj\u00fas\u00e1gi Konferencia<\/span><\/span><\/span><\/article><div class='bloglist-simple'><nav class='pagination'><span class='pagination-meta'>Oldal 1 \/ 2<\/span><span class='current'>1<\/span><a href='https:\/\/csetenyireformatus.hu\/index.php?rest_route=%2Fwp%2Fv2%2Fpages%2F128&#038;paged=2' class='inactive next_page' >2<\/a><\/nav>\n<\/div><\/div>\n","protected":false},"excerpt":{"rendered":"","protected":false},"author":1,"featured_media":0,"parent":0,"menu_order":5,"comment_status":"closed","ping_status":"closed","template":"","meta":{"footnotes":""},"class_list":["post-128","page","type-page","status-publish","hentry"],"_links":{"self":[{"href":"https:\/\/csetenyireformatus.hu\/index.php?rest_route=\/wp\/v2\/pages\/128","targetHints":{"allow":["GET"]}}],"collection":[{"href":"https:\/\/csetenyireformatus.hu\/index.php?rest_route=\/wp\/v2\/pages"}],"about":[{"href":"https:\/\/csetenyireformatus.hu\/index.php?rest_route=\/wp\/v2\/types\/page"}],"author":[{"embeddable":true,"href":"https:\/\/csetenyireformatus.hu\/index.php?rest_route=\/wp\/v2\/users\/1"}],"replies":[{"embeddable":true,"href":"https:\/\/csetenyireformatus.hu\/index.php?rest_route=%2Fwp%2Fv2%2Fcomments&post=128"}],"version-history":[{"count":9,"href":"https:\/\/csetenyireformatus.hu\/index.php?rest_route=\/wp\/v2\/pages\/128\/revisions"}],"predecessor-version":[{"id":247,"href":"https:\/\/csetenyireformatus.hu\/index.php?rest_route=\/wp\/v2\/pages\/128\/revisions\/247"}],"wp:attachment":[{"href":"https:\/\/csetenyireformatus.hu\/index.php?rest_route=%2Fwp%2Fv2%2Fmedia&parent=128"}],"curies":[{"name":"wp","href":"https:\/\/api.w.org\/{rel}","templated":true}]}}