{"id":137,"date":"2024-11-27T17:47:58","date_gmt":"2024-11-27T16:47:58","guid":{"rendered":"https:\/\/csetenyireformatus.hu\/?page_id=137"},"modified":"2025-01-16T20:27:37","modified_gmt":"2025-01-16T19:27:37","slug":"kuldetesnyilatkozat","status":"publish","type":"page","link":"https:\/\/csetenyireformatus.hu\/?page_id=137","title":{"rendered":"K\u00dcLDET\u00c9SNYILATKOZAT"},"content":{"rendered":"\n<style type=\"text\/css\" data-created_by=\"avia_inline_auto\" id=\"style-css-av-m406cnsz-b79af8d0d4937db22354119bcf7aa4e8\">\n#top .av-special-heading.av-m406cnsz-b79af8d0d4937db22354119bcf7aa4e8{\npadding-bottom:50px;\n}\nbody .av-special-heading.av-m406cnsz-b79af8d0d4937db22354119bcf7aa4e8 .av-special-heading-tag .heading-char{\nfont-size:25px;\n}\n.av-special-heading.av-m406cnsz-b79af8d0d4937db22354119bcf7aa4e8 .av-subheading{\nfont-size:15px;\n}\n<\/style>\n<div  class='av-special-heading av-m406cnsz-b79af8d0d4937db22354119bcf7aa4e8 av-special-heading-h1 blockquote modern-quote  avia-builder-el-0  el_before_av_textblock  avia-builder-el-first '><h1 class='av-special-heading-tag '  itemprop=\"headline\"  >K\u00dcLDET\u00c9SNYILATKOZAT<\/h1><div class=\"special-heading-border\"><div class=\"special-heading-inner-border\"><\/div><\/div><\/div>\n\n<style type=\"text\/css\" data-created_by=\"avia_inline_auto\" id=\"style-css-av-hgkyp-8895aa51c06b575a69b358ede6cccd82\">\n#top .av_textblock_section.av-hgkyp-8895aa51c06b575a69b358ede6cccd82 .avia_textblock{\nfont-size:20px;\n}\n\n@media only screen and (min-width: 990px){ \n#top .av_textblock_section.av-hgkyp-8895aa51c06b575a69b358ede6cccd82 .avia_textblock{\nfont-size:19px;\n}\n}\n\n@media only screen and (min-width: 768px) and (max-width: 989px){ \n#top .av_textblock_section.av-hgkyp-8895aa51c06b575a69b358ede6cccd82 .avia_textblock{\nfont-size:18px;\n}\n}\n\n@media only screen and (min-width: 480px) and (max-width: 767px){ \n#top .av_textblock_section.av-hgkyp-8895aa51c06b575a69b358ede6cccd82 .avia_textblock{\nfont-size:17px;\n}\n}\n\n@media only screen and (max-width: 479px){ \n#top .av_textblock_section.av-hgkyp-8895aa51c06b575a69b358ede6cccd82 .avia_textblock{\nfont-size:16px;\n}\n}\n<\/style>\n<section  class='av_textblock_section av-hgkyp-8895aa51c06b575a69b358ede6cccd82 '   itemscope=\"itemscope\" itemtype=\"https:\/\/schema.org\/CreativeWork\" ><div class='avia_textblock'  itemprop=\"text\" ><p style=\"text-align: center;\"><strong>A Cset\u00e9nyi Reform\u00e1tus Egyh\u00e1zk\u00f6zs\u00e9g K\u00fcldet\u00e9snyilatkozata<\/strong><\/p>\n<p style=\"text-align: center;\">K\u00fcldet\u00e9s\u00fcnk, hogy az embereket J\u00e9zushoz vezess\u00fck az\u00e9rt, hogy Isten megv\u00e1ltott<br \/>\ngyermekeik\u00e9nt az \u0150 szeretetteljes csal\u00e1dj\u00e1nak tagjaiv\u00e1 legyenek; \u00e9s seg\u00edts\u00fck<br \/>\n\u0151ket a lelki \u00e9retts\u00e9gre, hogy szolg\u00e1latot v\u00e1llalva a gy\u00fclekezetben \u00e9s a vil\u00e1gban<br \/>\nIstent dics\u0151\u00edtve \u00e9ljenek.<\/p>\n<\/div><\/section>\n\n<style type=\"text\/css\" data-created_by=\"avia_inline_auto\" id=\"style-css-av-apla1-1c89593a2296027c58f92e037ea91582\">\n#top .hr.hr-invisible.av-apla1-1c89593a2296027c58f92e037ea91582{\nheight:300px;\n}\n<\/style>\n<div  class='hr av-apla1-1c89593a2296027c58f92e037ea91582 hr-invisible  avia-builder-el-2  el_after_av_textblock  avia-builder-el-last '><span class='hr-inner '><span class=\"hr-inner-style\"><\/span><\/span><\/div>\n","protected":false},"excerpt":{"rendered":"","protected":false},"author":1,"featured_media":0,"parent":134,"menu_order":1,"comment_status":"closed","ping_status":"closed","template":"","meta":{"footnotes":""},"class_list":["post-137","page","type-page","status-publish","hentry"],"_links":{"self":[{"href":"https:\/\/csetenyireformatus.hu\/index.php?rest_route=\/wp\/v2\/pages\/137","targetHints":{"allow":["GET"]}}],"collection":[{"href":"https:\/\/csetenyireformatus.hu\/index.php?rest_route=\/wp\/v2\/pages"}],"about":[{"href":"https:\/\/csetenyireformatus.hu\/index.php?rest_route=\/wp\/v2\/types\/page"}],"author":[{"embeddable":true,"href":"https:\/\/csetenyireformatus.hu\/index.php?rest_route=\/wp\/v2\/users\/1"}],"replies":[{"embeddable":true,"href":"https:\/\/csetenyireformatus.hu\/index.php?rest_route=%2Fwp%2Fv2%2Fcomments&post=137"}],"version-history":[{"count":7,"href":"https:\/\/csetenyireformatus.hu\/index.php?rest_route=\/wp\/v2\/pages\/137\/revisions"}],"predecessor-version":[{"id":287,"href":"https:\/\/csetenyireformatus.hu\/index.php?rest_route=\/wp\/v2\/pages\/137\/revisions\/287"}],"up":[{"embeddable":true,"href":"https:\/\/csetenyireformatus.hu\/index.php?rest_route=\/wp\/v2\/pages\/134"}],"wp:attachment":[{"href":"https:\/\/csetenyireformatus.hu\/index.php?rest_route=%2Fwp%2Fv2%2Fmedia&parent=137"}],"curies":[{"name":"wp","href":"https:\/\/api.w.org\/{rel}","templated":true}]}}