{"id":146,"date":"2024-11-27T17:55:25","date_gmt":"2024-11-27T16:55:25","guid":{"rendered":"https:\/\/csetenyireformatus.hu\/?page_id=146"},"modified":"2026-04-01T16:41:20","modified_gmt":"2026-04-01T14:41:20","slug":"munkatarsak","status":"publish","type":"page","link":"https:\/\/csetenyireformatus.hu\/?page_id=146","title":{"rendered":"MUNKAT\u00c1RSAK"},"content":{"rendered":"\n<style type=\"text\/css\" data-created_by=\"avia_inline_auto\" id=\"style-css-av-m406iagp-2a5f5afbc9bb695ff3dd1a580c6d6574\">\n#top .av-special-heading.av-m406iagp-2a5f5afbc9bb695ff3dd1a580c6d6574{\npadding-bottom:50px;\n}\nbody .av-special-heading.av-m406iagp-2a5f5afbc9bb695ff3dd1a580c6d6574 .av-special-heading-tag .heading-char{\nfont-size:25px;\n}\n.av-special-heading.av-m406iagp-2a5f5afbc9bb695ff3dd1a580c6d6574 .av-subheading{\nfont-size:15px;\n}\n<\/style>\n<div  class='av-special-heading av-m406iagp-2a5f5afbc9bb695ff3dd1a580c6d6574 av-special-heading-h1 blockquote modern-quote  avia-builder-el-0  el_before_av_textblock  avia-builder-el-first '><h1 class='av-special-heading-tag '  itemprop=\"headline\"  >MUNKAT\u00c1RSAK<\/h1><div class=\"special-heading-border\"><div class=\"special-heading-inner-border\"><\/div><\/div><\/div>\n<section  class='av_textblock_section av-d3bpe-a0b11ee6ed5638508debd758f57ea0c9 '   itemscope=\"itemscope\" itemtype=\"https:\/\/schema.org\/CreativeWork\" ><div class='avia_textblock'  itemprop=\"text\" ><p><span style=\"font-weight: 400;\">Hajd\u00fa Ferenc vagyok: Isten megv\u00e1ltott fia, boldog \u00e9s h\u00e1l\u00e1s f\u00e9rj, n\u00e9gyszeres elfogulatlanul b\u00fcszke \u00e9desapa, k\u00fczdelmekben megpr\u00f3b\u00e1lt \u00e9s folyamatosan tanul\u00f3 lelkip\u00e1sztor, aki tiszt\u00e1ban van azzal, hogy \u00f6nmag\u00e1t\u00f3l semmi j\u00f3t sem tehet. 2009-\u00f3ta vagyok a gy\u00fclekezet lelki vezet\u0151je. Szeretem \u00e9s \u00e9lvezem ezt a szolg\u00e1latot. \u00c9lvezem a gy\u00fclekezet\u00fcnk im\u00e1ds\u00e1gos szeretet\u00e9n kereszt\u00fcl az \u00dar gondoskod\u00e1s\u00e1t \u00e9s kegyelm\u00e9t. H\u00e1laad\u00e1ssal tekintek minden nap Megv\u00e1lt\u00f3mra, J\u00e9zus Krisztusra, aki ig\u00e9j\u00e9vel \u00e9s lelk\u00e9vel vezet, t\u00e1pl\u00e1l, meger\u0151s\u00edt, b\u00e1tor\u00edt, tan\u00edt, \u00e9s helyreigaz\u00edt.\u00a0<\/span><\/p>\n<p><span style=\"font-weight: 400;\">Szolg\u00e1latom c\u00e9lja, hogy mindenkit megnyerjek Krisztus k\u00f6vet\u0151j\u00e9nek, akit csak lehet, s akik m\u00e1r tan\u00edtv\u00e1nyai, \u0151ket seg\u00edtsem abban, hogy folyamatosan n\u00f6vekedjenek. Erre f\u00f3kusz\u00e1lok az igeh\u00edrdet\u00e9seimben, a gyerekek \u00e9s a fiatalok k\u00f6z\u00f6tti munk\u00e1mban, szem\u00e9lyes besz\u00e9lget\u00e9seimben, hivatalos szolg\u00e1lataimban.\u00a0<\/span><\/p>\n<p><span style=\"font-weight: 400;\">\u0150szinte \u00e9s bizalomteljes kapcsol\u00f3d\u00e1sra t\u00f6rekszem Istennel \u00e9s emberekkel egyar\u00e1nt. Tal\u00e1n ez\u00e9rt is \u00e1ll hozz\u00e1m annyira k\u00f6zel a d\u00edcs\u0151it\u00e9s, a csendess\u00e9g \u00e9s az odafigyel\u00e9s (meghallgat\u00e1s). \u00c1lmom \u00e9s v\u00e1gyam, hogy a gy\u00fclezet, amelyet vezetek, Isten csal\u00e1djak\u00e9nt \u00e9lvezze ezt az \u0151szinte \u00e9s bizalmas kapcsolatot Istennel \u00e9s egym\u00e1ssal. Hiszem, hogy Isten ma is munk\u00e1lkodik, \u00e9s hatlamas dolgokat cselekszik!\u00a0<\/span><\/p>\n<p><strong>Hajd\u00fa Ferenc, lelkip\u00e1sztor<\/strong><\/p>\n<\/div><\/section>\n\n<style type=\"text\/css\" data-created_by=\"avia_inline_auto\" id=\"style-css-av-8kloi-a8d9a30e328a476755ae60d64f0a42bd\">\n#top .hr.hr-invisible.av-8kloi-a8d9a30e328a476755ae60d64f0a42bd{\nheight:300px;\n}\n<\/style>\n<div  class='hr av-8kloi-a8d9a30e328a476755ae60d64f0a42bd hr-invisible  avia-builder-el-2  el_after_av_textblock  avia-builder-el-last '><span class='hr-inner '><span class=\"hr-inner-style\"><\/span><\/span><\/div>\n","protected":false},"excerpt":{"rendered":"","protected":false},"author":1,"featured_media":0,"parent":134,"menu_order":0,"comment_status":"closed","ping_status":"closed","template":"","meta":{"footnotes":""},"class_list":["post-146","page","type-page","status-publish","hentry"],"_links":{"self":[{"href":"https:\/\/csetenyireformatus.hu\/index.php?rest_route=\/wp\/v2\/pages\/146","targetHints":{"allow":["GET"]}}],"collection":[{"href":"https:\/\/csetenyireformatus.hu\/index.php?rest_route=\/wp\/v2\/pages"}],"about":[{"href":"https:\/\/csetenyireformatus.hu\/index.php?rest_route=\/wp\/v2\/types\/page"}],"author":[{"embeddable":true,"href":"https:\/\/csetenyireformatus.hu\/index.php?rest_route=\/wp\/v2\/users\/1"}],"replies":[{"embeddable":true,"href":"https:\/\/csetenyireformatus.hu\/index.php?rest_route=%2Fwp%2Fv2%2Fcomments&post=146"}],"version-history":[{"count":5,"href":"https:\/\/csetenyireformatus.hu\/index.php?rest_route=\/wp\/v2\/pages\/146\/revisions"}],"predecessor-version":[{"id":963,"href":"https:\/\/csetenyireformatus.hu\/index.php?rest_route=\/wp\/v2\/pages\/146\/revisions\/963"}],"up":[{"embeddable":true,"href":"https:\/\/csetenyireformatus.hu\/index.php?rest_route=\/wp\/v2\/pages\/134"}],"wp:attachment":[{"href":"https:\/\/csetenyireformatus.hu\/index.php?rest_route=%2Fwp%2Fv2%2Fmedia&parent=146"}],"curies":[{"name":"wp","href":"https:\/\/api.w.org\/{rel}","templated":true}]}}