{"id":32,"date":"2024-10-21T12:07:17","date_gmt":"2024-10-21T10:07:17","guid":{"rendered":"https:\/\/csetenyireformatus.hu\/?page_id=32"},"modified":"2025-05-25T16:11:12","modified_gmt":"2025-05-25T14:11:12","slug":"programok-es-csoportok","status":"publish","type":"page","link":"https:\/\/csetenyireformatus.hu\/?page_id=32","title":{"rendered":"PROGRAMOK \u00c9S CSOPORTOK"},"content":{"rendered":"\n<style type=\"text\/css\" data-created_by=\"avia_inline_auto\" id=\"style-css-av-m2mfkdzd-1125d7391664b884c4fb6cd307ba41e0\">\n#top .av-special-heading.av-m2mfkdzd-1125d7391664b884c4fb6cd307ba41e0{\npadding-bottom:0;\n}\nbody .av-special-heading.av-m2mfkdzd-1125d7391664b884c4fb6cd307ba41e0 .av-special-heading-tag .heading-char{\nfont-size:25px;\n}\n.av-special-heading.av-m2mfkdzd-1125d7391664b884c4fb6cd307ba41e0 .av-subheading{\nfont-size:15px;\n}\n<\/style>\n<div  class='av-special-heading av-m2mfkdzd-1125d7391664b884c4fb6cd307ba41e0 av-special-heading-h1 blockquote modern-quote  avia-builder-el-0  el_before_av_layout_row  avia-builder-el-no-sibling '><h1 class='av-special-heading-tag '  itemprop=\"headline\"  >PROGRAMOK \u00c9S CSOPORTOK<\/h1><div class=\"special-heading-border\"><div class=\"special-heading-inner-border\"><\/div><\/div><\/div>\n<\/div><\/div><\/div><!-- close content main div --><\/div><\/div><div id='av-layout-grid-1'  class='av-layout-grid-container av-xoog-3ab70139df64f66ead55d2432774a345 entry-content-wrapper main_color av-flex-cells  avia-builder-el-1  el_after_av_heading  avia-builder-el-last  grid-row-not-first  container_wrap sidebar_right'  >\n\n<style type=\"text\/css\" data-created_by=\"avia_inline_auto\" id=\"style-css-av-8tt5g-cb9097adebf98f24fcabedd7ef934676\">\n.flex_cell.av-8tt5g-cb9097adebf98f24fcabedd7ef934676{\nvertical-align:middle;\nbackground-color:#ededed;\n}\n.responsive #top #wrap_all .flex_cell.av-8tt5g-cb9097adebf98f24fcabedd7ef934676{\npadding:50px 50px 50px 50px !important;\n}\n<\/style>\n<div class='flex_cell av-8tt5g-cb9097adebf98f24fcabedd7ef934676 av-gridrow-cell av_one_half no_margin  avia-builder-el-2  el_before_av_cell_one_half  avia-builder-el-first '  ><div class='flex_cell_inner'><section  class='av_textblock_section av-84e9c-e41d975557d33edf144f198f523dcf9c '   itemscope=\"itemscope\" itemtype=\"https:\/\/schema.org\/CreativeWork\" ><div class='avia_textblock'  itemprop=\"text\" ><h3>K\u00d3RUS PR\u00d3BA<\/h3>\n<p>KEDD 17:00<\/p>\n<p>A 2010-es \u00e9vek elej\u00e9n b\u00facs\u00fazott el\u0151sz\u00f6r \u00e9neksz\u00f3val n\u00e9h\u00e1ny egyh\u00e1ztag lelki testv\u00e9r\u00e9t\u0151l, akiket az \u00e9let \u00e9s hal\u00e1l Ura elsz\u00f3l\u00edtott a gy\u00fclekezetb\u0151l. Az egy\u00fctt \u00e9nekl\u00e9s lelket \u00e9s k\u00f6z\u00f6ss\u00e9get form\u00e1l\u00f3 erej\u00e9t megtapasztalva egyre t\u00f6bb \u00fcnnepnapon csend\u00fclt fel \u00e9neksz\u00f3 Istennek h\u00e1l\u00e1s h\u00edvek ajk\u00e1n. Kezdetben a csapatot Kis-Jakab \u00c9va fogta \u00f6ssze, aki sok gy\u00f6ny\u00f6r\u0171 dallamot tan\u00edtott az \u00e9nekkarnak. T\u00f6bb\u00e9ves munk\u00e1j\u00e1\u00e9rt ma is h\u00e1l\u00e1sak vagyunk. 2016-ban hallottam \u0151ket el\u0151sz\u00f6r, mikor Cset\u00e9nybe k\u00f6lt\u00f6zt\u00fcnk. Els\u0151 pillanatban megfogott a tekintet\u00fck \u00e9nekl\u00e9s k\u00f6zben: \u201eHiszen ezek az emberek sz\u00edvb\u0151l \u00e9nekelnek!\u201d A kar\u00e1csonyi koncerten m\u00e1r egy\u00fctt dics\u00e9rt\u00fck az Urat \u00e9neksz\u00f3val. \u00c9va t\u00e1voz\u00e1sa ut\u00e1n zenei p\u00e1sztor n\u00e9lk\u00fcl maradt a kis ny\u00e1j. Muzsikaszeret\u0151 laikusk\u00e9nt ker\u00fcltem karvezet\u0151i szerepbe, amit \u2013 gyermekeim sz\u00fclet\u00e9se miatt \u2013 kisebb megszak\u00edt\u00e1sokkal, de elhivatottan igyekszem v\u00e1llalni. Els\u0151sorban istentiszteleteken \u00e9s \u00fcnnepeken szolg\u00e1lunk, er\u0151s\u00edtve a gy\u00fclekezeti \u00e9nekl\u00e9st, tan\u00edtva \u00faj \u00e9nekesk\u00f6nyv\u00fcnk \u00faj dallamait a templomba j\u00e1r\u00f3knak. Az ut\u00f3bbi \u00e9vekben t\u00f6bb nagyobb projektben is k\u00f6zrem\u0171k\u00f6dt\u00fcnk. Kar\u00e1csonyra szinte minden \u00e9vben koncerttel, zen\u00e9s \u00e1h\u00edtattal k\u00e9sz\u00fclt\u00fcnk. Szenteste pedig id\u0151s vagy beteg gy\u00fclekezeti tagjaink h\u00e1z\u00e1hoz j\u00e1runk k\u00f6z\u00f6sen \u00e9nekelni, hogy egy\u00fctt \u00e9lhess\u00fck \u00e1t Isten v\u00e9gtelen szeretet\u00e9t, aki mindannyiunk\u00e9rt Egysz\u00fcl\u00f6tt Fi\u00e1t k\u00fcldte a vil\u00e1gba.<\/p>\n<p>Ezeken a szolg\u00e1latokon k\u00edv\u00fcl t\u00f6bb zenei projekt is megval\u00f3sult \u00e1ltalunk \u00e9s k\u00f6zrem\u0171k\u00f6d\u00e9s\u00fcnkkel. 2023 tavasz\u00e1n Bence Imre \u201eMeddig s\u00e1ntik\u00e1ltok k\u00e9tfel\u00e9?\u201d c\u00edm\u0171 \u2013 Ill\u00e9s pr\u00f3f\u00e9ta t\u00f6rt\u00e9net\u00e9t feldolgoz\u00f3 \u2013 k\u00f6nny\u0171zenei orat\u00f3rium\u00e1t sz\u00f3laltattuk meg gy\u00fclekezet\u00fcnk zenekar\u00e1val. 2024 \u0151sz\u00e9n pedig a 42. zsolt\u00e1r feldolgoz\u00e1sib\u00f3l \u00e1ll\u00edtottunk \u00f6ssze egy csokrot, amit novemberben Cset\u00e9nyben, majd decemberben S\u00faron mutattunk be. A k\u00e9t alkalom k\u00fcl\u00f6nlegess\u00e9ge az volt, hogy k\u00f3rusunkat Nagy-Rumy Mariann h\u00e1rfam\u0171v\u00e9sz k\u00eds\u00e9rte gy\u00f6ny\u00f6r\u0171 hangszer\u00e9n, mindannyiunkat lelket melenget\u0151 zenei \u00e9lm\u00e9nnyel aj\u00e1nd\u00e9kozva meg. Sz\u00e1mos alkalommal szolg\u00e1ltunk k\u00f6rnyez\u0151 telep\u00fcl\u00e9seken. 2024 nyar\u00e1n pedig a Veszpr\u00e9mi egyh\u00e1zmegye k\u00f3rustal\u00e1lkoz\u00f3j\u00e1n megh\u00edvott vend\u00e9gk\u00e9nt vehett\u00fcnk r\u00e9szt Balatonkenes\u00e9n. Ehhez az esem\u00e9nyhez kapcsol\u00f3dik egy m\u00e9rf\u00f6ldk\u0151 k\u00f3rusunk \u00e9let\u00e9ben, ugyanis ezen az alkalmon els\u0151\u00edzben sz\u00f3lalhattunk meg n\u00e9gy sz\u00f3lamban. Ehhez nagyban hozz\u00e1j\u00e1rul k\u00f3rusunk l\u00e9tsz\u00e1mbeli n\u00f6veked\u00e9se, \u00e9s szakmai fejl\u0151d\u00e9se Kov\u00e1csn\u00e9 Nagy M\u00e1rta \u00e9s Csizmadia G\u00e9za jelenl\u00e9te, seg\u00edts\u00e9ge, tan\u00e1csai \u00e1ltal. L\u00e9tsz\u00e1munk jelenleg 16 f\u0151. K\u00f3ruspr\u00f3b\u00e1inkat kedd est\u00e9nk\u00e9nt tartjuk 17:00-t\u00f3l, melyet egy kis \u00e1h\u00edtattal, im\u00e1ds\u00e1ggal kezd\u00fcnk, hogy egym\u00e1sra \u00e9s els\u0151sorban Istenre hangol\u00f3djunk. Nagyon h\u00e1l\u00e1sak vagyunk a Teremt\u0151, Megv\u00e1lt\u00f3 \u00e9s Megszentel\u0151 Isten\u00fcnknek, Aki minden \u00e1ld\u00e1s forr\u00e1sa. \u0150 sz\u00f3laltatja meg a h\u00e1la, magasztal\u00e1s, \u00f6r\u00f6m \u00e9s vigasztal\u00e1s hangjait el\u0151sz\u00f6r a sz\u00edveinkben, \u00e9s \u0150t\u0151le kapjuk a lehet\u0151s\u00e9get \u00e9s k\u00e9pess\u00e9get, hogy mindezek ajkainkon is felcsend\u00fcljenek. \u0150 b\u00e1tor\u00edt, \u00f6rvendeztet, terelget, form\u00e1l \u00e9s vigasztal ig\u00e9j\u00e9n kereszt\u00fcl mindannyiunkat, \u00e9s \u0150 sim\u00edtja \u00f6ssze sz\u00edveinket \u00e9s hangunkat. Mindezek\u00e9rt (is) \u00d6v\u00e9 legyen az \u00e1ld\u00e1s \u00e9s a dics\u0151s\u00e9g mind\u00f6r\u00f6kk\u00e9 \u2013 zene \u00e9s \u00e9neksz\u00f3 \u00e1ltal is!<\/p>\n<p><strong>K\u00f3rusunk tagjai 2024-ben:<\/strong><\/p>\n<\/div><\/section><br \/>\n\n<style type=\"text\/css\" data-created_by=\"avia_inline_auto\" id=\"style-css-av-m5znrs4k-0d50cbfc2429ceb048c8e08d5cb2bb76\">\n#top .av_textblock_section.av-m5znrs4k-0d50cbfc2429ceb048c8e08d5cb2bb76 .avia_textblock{\ncolumn-count:2;\n}\n<\/style>\n<section  class='av_textblock_section av-m5znrs4k-0d50cbfc2429ceb048c8e08d5cb2bb76 '   itemscope=\"itemscope\" itemtype=\"https:\/\/schema.org\/CreativeWork\" ><div class='avia_textblock av_multi_colums'  itemprop=\"text\" ><ol>\n<li><strong>Csizmadia G\u00e9za<\/strong><\/li>\n<li><strong>Holler Imre<\/strong><\/li>\n<li><strong>Holler Imr\u00e9n\u00e9 (Ibolya)<\/strong><\/li>\n<li><strong>Jakab K\u00e1lm\u00e1n<\/strong><\/li>\n<li><strong>Jakab K\u00e1lm\u00e1nn\u00e9 (Edit)<\/strong><\/li>\n<li><strong>Kov\u00e1csn\u00e9 Nagy M\u00e1rta<\/strong><\/li>\n<li><strong>Luk\u00e1cs Istv\u00e1nn\u00e9 (Zsuzsika)<\/strong><\/li>\n<li><strong>Magosi L\u00e1szl\u00f3<\/strong><\/li>\n<li><strong>Magosin\u00e9 Szemerei Janka<\/strong><\/li>\n<li><strong>Mak\u00f3-Jakab Edit<\/strong><\/li>\n<li><strong>Nagy Tiborn\u00e9 (Ildik\u00f3)<\/strong><\/li>\n<li><strong>Raduka J\u00f3zsefn\u00e9 (Anik\u00f3 n\u00e9ni)<\/strong><\/li>\n<li><strong>Simon Ervin<\/strong><\/li>\n<li><strong>Simon Ervinn\u00e9 (Kati)<\/strong><\/li>\n<li><strong>Somogyi J\u00f3zsefn\u00e9 (Erzsi n\u00e9ni)<\/strong><\/li>\n<li><strong>Vincze J\u00e1nosn\u00e9 (Eti n\u00e9ni)<\/strong><\/li>\n<\/ol>\n<\/div><\/section><\/p>\n<\/div><\/div>\n<style type=\"text\/css\" data-created_by=\"avia_inline_auto\" id=\"style-css-av-7omig-2178eef6d93b8951004777a4f45d6519\">\n.flex_cell.av-7omig-2178eef6d93b8951004777a4f45d6519{\nvertical-align:middle;\n}\n.responsive #top #wrap_all .flex_cell.av-7omig-2178eef6d93b8951004777a4f45d6519{\npadding:0px 0px 0px 0px !important;\n}\n<\/style>\n<div class='flex_cell av-7omig-2178eef6d93b8951004777a4f45d6519 av-gridrow-cell av_one_half no_margin  avia-builder-el-5  el_after_av_cell_one_half  avia-builder-el-last  av-zero-padding'  ><div class='flex_cell_inner'>\n<style type=\"text\/css\" data-created_by=\"avia_inline_auto\" id=\"style-css-av-6yk5w-87a0cf2396155a815b5c1a01529f2496\">\n.avia-image-container.av-6yk5w-87a0cf2396155a815b5c1a01529f2496 img.avia_image{\nbox-shadow:none;\n}\n.avia-image-container.av-6yk5w-87a0cf2396155a815b5c1a01529f2496 .av-image-caption-overlay-center{\ncolor:#ffffff;\n}\n<\/style>\n<div  class='avia-image-container av-6yk5w-87a0cf2396155a815b5c1a01529f2496 av-styling- avia_animated_image av-animated-when-visible-95 fade-in avia-align-center  avia-builder-el-6  avia-builder-el-no-sibling '   itemprop=\"image\" itemscope=\"itemscope\" itemtype=\"https:\/\/schema.org\/ImageObject\" ><div class=\"avia-image-container-inner\"><div class=\"avia-image-overlay-wrap\"><img decoding=\"async\" fetchpriority=\"high\" class='wp-image-212 avia-img-lazy-loading-not-212 avia_image ' src=\"https:\/\/csetenyireformatus.hu\/wp-content\/uploads\/2025\/01\/1734345951208-1500x651.jpg\" alt='' title='1734345951208'  height=\"651\" width=\"1500\"  itemprop=\"thumbnailUrl\" srcset=\"https:\/\/csetenyireformatus.hu\/wp-content\/uploads\/2025\/01\/1734345951208-1500x651.jpg 1500w, https:\/\/csetenyireformatus.hu\/wp-content\/uploads\/2025\/01\/1734345951208-300x130.jpg 300w, https:\/\/csetenyireformatus.hu\/wp-content\/uploads\/2025\/01\/1734345951208-1030x447.jpg 1030w, https:\/\/csetenyireformatus.hu\/wp-content\/uploads\/2025\/01\/1734345951208-768x333.jpg 768w, https:\/\/csetenyireformatus.hu\/wp-content\/uploads\/2025\/01\/1734345951208-1536x667.jpg 1536w, https:\/\/csetenyireformatus.hu\/wp-content\/uploads\/2025\/01\/1734345951208-2048x889.jpg 2048w, https:\/\/csetenyireformatus.hu\/wp-content\/uploads\/2025\/01\/1734345951208-705x306.jpg 705w\" sizes=\"(max-width: 1500px) 100vw, 1500px\" \/><\/div><\/div><\/div>\n<\/div><\/div>\n<\/div>\n","protected":false},"excerpt":{"rendered":"","protected":false},"author":1,"featured_media":0,"parent":0,"menu_order":4,"comment_status":"closed","ping_status":"closed","template":"","meta":{"footnotes":""},"class_list":["post-32","page","type-page","status-publish","hentry"],"_links":{"self":[{"href":"https:\/\/csetenyireformatus.hu\/index.php?rest_route=\/wp\/v2\/pages\/32","targetHints":{"allow":["GET"]}}],"collection":[{"href":"https:\/\/csetenyireformatus.hu\/index.php?rest_route=\/wp\/v2\/pages"}],"about":[{"href":"https:\/\/csetenyireformatus.hu\/index.php?rest_route=\/wp\/v2\/types\/page"}],"author":[{"embeddable":true,"href":"https:\/\/csetenyireformatus.hu\/index.php?rest_route=\/wp\/v2\/users\/1"}],"replies":[{"embeddable":true,"href":"https:\/\/csetenyireformatus.hu\/index.php?rest_route=%2Fwp%2Fv2%2Fcomments&post=32"}],"version-history":[{"count":23,"href":"https:\/\/csetenyireformatus.hu\/index.php?rest_route=\/wp\/v2\/pages\/32\/revisions"}],"predecessor-version":[{"id":610,"href":"https:\/\/csetenyireformatus.hu\/index.php?rest_route=\/wp\/v2\/pages\/32\/revisions\/610"}],"wp:attachment":[{"href":"https:\/\/csetenyireformatus.hu\/index.php?rest_route=%2Fwp%2Fv2%2Fmedia&parent=32"}],"curies":[{"name":"wp","href":"https:\/\/api.w.org\/{rel}","templated":true}]}}