{"id":36,"date":"2024-10-21T12:07:57","date_gmt":"2024-10-21T10:07:57","guid":{"rendered":"https:\/\/csetenyireformatus.hu\/?page_id=36"},"modified":"2025-01-16T19:06:56","modified_gmt":"2025-01-16T18:06:56","slug":"galeria","status":"publish","type":"page","link":"https:\/\/csetenyireformatus.hu\/?page_id=36","title":{"rendered":"GAL\u00c9RIA"},"content":{"rendered":"\n<style type=\"text\/css\" data-created_by=\"avia_inline_auto\" id=\"style-css-av-m2meoopr-4e59cdcc8a8f95025574e4adbfb678b2\">\n#top .av-special-heading.av-m2meoopr-4e59cdcc8a8f95025574e4adbfb678b2{\npadding-bottom:50px;\n}\nbody .av-special-heading.av-m2meoopr-4e59cdcc8a8f95025574e4adbfb678b2 .av-special-heading-tag .heading-char{\nfont-size:25px;\n}\n.av-special-heading.av-m2meoopr-4e59cdcc8a8f95025574e4adbfb678b2 .av-subheading{\nfont-size:15px;\n}\n<\/style>\n<div  class='av-special-heading av-m2meoopr-4e59cdcc8a8f95025574e4adbfb678b2 av-special-heading-h1 blockquote modern-quote  avia-builder-el-0  el_before_av_blog  avia-builder-el-first '><h1 class='av-special-heading-tag '  itemprop=\"headline\"  >Fot\u00f3gal\u00e9ri\u00e1k<\/h1><div class='av-subheading av-subheading_below'><p>A gal\u00e9ri\u00e1k megtekint\u00e9s\u00e9hez kattints a k\u00e9pekre!<\/p>\n<\/div><div class=\"special-heading-border\"><div class=\"special-heading-inner-border\"><\/div><\/div><\/div>\n<div  data-slideshow-options=\"{&quot;animation&quot;:&quot;fade&quot;,&quot;autoplay&quot;:false,&quot;loop_autoplay&quot;:&quot;once&quot;,&quot;interval&quot;:5,&quot;loop_manual&quot;:&quot;manual-endless&quot;,&quot;autoplay_stopper&quot;:false,&quot;noNavigation&quot;:false,&quot;show_slide_delay&quot;:90}\" class='avia-content-slider avia-content-grid-active avia-content-slider1 avia-content-slider-even  avia-builder-el-1  el_after_av_heading  avia-builder-el-last  av-slideshow-ui av-control-default   av-no-slider-navigation av-slideshow-manual av-loop-once av-loop-manual-endless '  itemscope=\"itemscope\" itemtype=\"https:\/\/schema.org\/Blog\" ><div class=\"avia-content-slider-inner\"><div class=\"slide-entry-wrap\"><article class='slide-entry flex_column  post-entry post-entry-742 slide-entry-overview slide-loop-1 slide-parity-odd  av_one_fourth first real-thumbnail posttype-post post-format-standard'  itemscope=\"itemscope\" itemtype=\"https:\/\/schema.org\/CreativeWork\" ><a href='https:\/\/csetenyireformatus.hu\/?p=742' data-rel='slide-1' class='slide-image' title='Dics\u0151\u00edt\u0151 est gal\u00e9ria'><img decoding=\"async\" fetchpriority=\"high\" width=\"845\" height=\"684\" src=\"https:\/\/csetenyireformatus.hu\/wp-content\/uploads\/2025\/07\/de340e39-25a7-4a01-8202-28b5f238eb57-845x684.jpg\" class=\"wp-image-747 avia-img-lazy-loading-not-747 attachment-gallery size-gallery wp-post-image\" alt=\"\" srcset=\"https:\/\/csetenyireformatus.hu\/wp-content\/uploads\/2025\/07\/de340e39-25a7-4a01-8202-28b5f238eb57-845x684.jpg 845w, https:\/\/csetenyireformatus.hu\/wp-content\/uploads\/2025\/07\/de340e39-25a7-4a01-8202-28b5f238eb57-495x400.jpg 495w\" sizes=\"(max-width: 845px) 100vw, 845px\" \/><\/a><div class=\"slide-content\"><header class=\"entry-content-header\" aria-label=\"Slide: Dics\u0151\u00edt\u0151 est gal\u00e9ria\"><h3 class='slide-entry-title entry-title '  itemprop=\"headline\" ><a href='https:\/\/csetenyireformatus.hu\/?p=742' title='Dics\u0151\u00edt\u0151 est gal\u00e9ria'>Dics\u0151\u00edt\u0151 est gal\u00e9ria<\/a><\/h3><span class=\"av-vertical-delimiter\"><\/span><\/header><\/div><footer class=\"entry-footer\"><\/footer><span class='hidden'>\n\t\t\t\t<span class='av-structured-data'  itemprop=\"image\" itemscope=\"itemscope\" itemtype=\"https:\/\/schema.org\/ImageObject\" >\n\t\t\t\t\t\t<span itemprop='url'>https:\/\/csetenyireformatus.hu\/wp-content\/uploads\/2025\/07\/de340e39-25a7-4a01-8202-28b5f238eb57.jpg<\/span>\n\t\t\t\t\t\t<span itemprop='height'>1536<\/span>\n\t\t\t\t\t\t<span itemprop='width'>2048<\/span>\n\t\t\t\t<\/span>\n\t\t\t\t<span class='av-structured-data'  itemprop=\"publisher\" itemtype=\"https:\/\/schema.org\/Organization\" itemscope=\"itemscope\" >\n\t\t\t\t\t\t<span itemprop='name'>csetenyirefadmin<\/span>\n\t\t\t\t\t\t<span itemprop='logo' itemscope itemtype='https:\/\/schema.org\/ImageObject'>\n\t\t\t\t\t\t\t<span itemprop='url'>https:\/\/csetenyireformatus.hu\/wp-content\/uploads\/2025\/01\/header-300x93.png<\/span>\n\t\t\t\t\t\t<\/span>\n\t\t\t\t<\/span><span class='av-structured-data'  itemprop=\"author\" itemscope=\"itemscope\" itemtype=\"https:\/\/schema.org\/Person\" ><span itemprop='name'>csetenyirefadmin<\/span><\/span><span class='av-structured-data'  itemprop=\"datePublished\" datetime=\"2024-10-21T12:07:57+02:00\" >2025-07-03 19:12:02<\/span><span class='av-structured-data'  itemprop=\"dateModified\" itemtype=\"https:\/\/schema.org\/dateModified\" >2025-07-03 19:13:46<\/span><span class='av-structured-data'  itemprop=\"mainEntityOfPage\" itemtype=\"https:\/\/schema.org\/mainEntityOfPage\" ><span itemprop='name'>Dics\u0151\u00edt\u0151 est gal\u00e9ria<\/span><\/span><\/span><\/article><article class='slide-entry flex_column  post-entry post-entry-262 slide-entry-overview slide-loop-2 slide-parity-even  av_one_fourth  real-thumbnail posttype-post post-format-standard'  itemscope=\"itemscope\" itemtype=\"https:\/\/schema.org\/CreativeWork\" ><a href='https:\/\/csetenyireformatus.hu\/?p=262' data-rel='slide-1' class='slide-image' title='Zen\u00e9s \u00e1hitat'><img decoding=\"async\" fetchpriority=\"high\" width=\"845\" height=\"684\" src=\"https:\/\/csetenyireformatus.hu\/wp-content\/uploads\/2025\/01\/1734345951208-845x684.jpg\" class=\"wp-image-212 avia-img-lazy-loading-not-212 attachment-gallery size-gallery wp-post-image\" alt=\"\" srcset=\"https:\/\/csetenyireformatus.hu\/wp-content\/uploads\/2025\/01\/1734345951208-845x684.jpg 845w, https:\/\/csetenyireformatus.hu\/wp-content\/uploads\/2025\/01\/1734345951208-495x400.jpg 495w\" sizes=\"(max-width: 845px) 100vw, 845px\" \/><\/a><div class=\"slide-content\"><header class=\"entry-content-header\" aria-label=\"Slide: Zen\u00e9s \u00e1hitat\"><h3 class='slide-entry-title entry-title '  itemprop=\"headline\" ><a href='https:\/\/csetenyireformatus.hu\/?p=262' title='Zen\u00e9s \u00e1hitat'>Zen\u00e9s \u00e1hitat<\/a><\/h3><span class=\"av-vertical-delimiter\"><\/span><\/header><\/div><footer class=\"entry-footer\"><\/footer><span class='hidden'>\n\t\t\t\t<span class='av-structured-data'  itemprop=\"image\" itemscope=\"itemscope\" itemtype=\"https:\/\/schema.org\/ImageObject\" >\n\t\t\t\t\t\t<span itemprop='url'>https:\/\/csetenyireformatus.hu\/wp-content\/uploads\/2025\/01\/1734345951208-scaled.jpg<\/span>\n\t\t\t\t\t\t<span itemprop='height'>1111<\/span>\n\t\t\t\t\t\t<span itemprop='width'>2560<\/span>\n\t\t\t\t<\/span>\n\t\t\t\t<span class='av-structured-data'  itemprop=\"publisher\" itemtype=\"https:\/\/schema.org\/Organization\" itemscope=\"itemscope\" >\n\t\t\t\t\t\t<span itemprop='name'>csetenyirefadmin<\/span>\n\t\t\t\t\t\t<span itemprop='logo' itemscope itemtype='https:\/\/schema.org\/ImageObject'>\n\t\t\t\t\t\t\t<span itemprop='url'>https:\/\/csetenyireformatus.hu\/wp-content\/uploads\/2025\/01\/header-300x93.png<\/span>\n\t\t\t\t\t\t<\/span>\n\t\t\t\t<\/span><span class='av-structured-data'  itemprop=\"author\" itemscope=\"itemscope\" itemtype=\"https:\/\/schema.org\/Person\" ><span itemprop='name'>csetenyirefadmin<\/span><\/span><span class='av-structured-data'  itemprop=\"datePublished\" datetime=\"2024-10-21T12:07:57+02:00\" >2025-01-16 19:00:27<\/span><span class='av-structured-data'  itemprop=\"dateModified\" itemtype=\"https:\/\/schema.org\/dateModified\" >2025-01-16 19:09:09<\/span><span class='av-structured-data'  itemprop=\"mainEntityOfPage\" itemtype=\"https:\/\/schema.org\/mainEntityOfPage\" ><span itemprop='name'>Zen\u00e9s \u00e1hitat<\/span><\/span><\/span><\/article><article class='slide-entry flex_column  post-entry post-entry-255 slide-entry-overview slide-loop-3 slide-parity-odd  post-entry-last  av_one_fourth  real-thumbnail posttype-post post-format-standard'  itemscope=\"itemscope\" itemtype=\"https:\/\/schema.org\/CreativeWork\" ><a href='https:\/\/csetenyireformatus.hu\/?p=255' data-rel='slide-1' class='slide-image' title='Gal\u00e9ria'><img decoding=\"async\" fetchpriority=\"high\" width=\"845\" height=\"648\" src=\"https:\/\/csetenyireformatus.hu\/wp-content\/uploads\/2024\/10\/32696673_1580514725380335_5285279109692260352_n-845x648.jpg\" class=\"wp-image-55 avia-img-lazy-loading-not-55 attachment-gallery size-gallery wp-post-image\" alt=\"\" \/><\/a><div class=\"slide-content\"><header class=\"entry-content-header\" aria-label=\"Slide: Gal\u00e9ria\"><h3 class='slide-entry-title entry-title '  itemprop=\"headline\" ><a href='https:\/\/csetenyireformatus.hu\/?p=255' title='Gal\u00e9ria'>Gal\u00e9ria<\/a><\/h3><span class=\"av-vertical-delimiter\"><\/span><\/header><\/div><footer class=\"entry-footer\"><\/footer><span class='hidden'>\n\t\t\t\t<span class='av-structured-data'  itemprop=\"image\" itemscope=\"itemscope\" itemtype=\"https:\/\/schema.org\/ImageObject\" >\n\t\t\t\t\t\t<span itemprop='url'>https:\/\/csetenyireformatus.hu\/wp-content\/uploads\/2024\/10\/32696673_1580514725380335_5285279109692260352_n.jpg<\/span>\n\t\t\t\t\t\t<span itemprop='height'>648<\/span>\n\t\t\t\t\t\t<span itemprop='width'>972<\/span>\n\t\t\t\t<\/span>\n\t\t\t\t<span class='av-structured-data'  itemprop=\"publisher\" itemtype=\"https:\/\/schema.org\/Organization\" itemscope=\"itemscope\" >\n\t\t\t\t\t\t<span itemprop='name'>csetenyirefadmin<\/span>\n\t\t\t\t\t\t<span itemprop='logo' itemscope itemtype='https:\/\/schema.org\/ImageObject'>\n\t\t\t\t\t\t\t<span itemprop='url'>https:\/\/csetenyireformatus.hu\/wp-content\/uploads\/2025\/01\/header-300x93.png<\/span>\n\t\t\t\t\t\t<\/span>\n\t\t\t\t<\/span><span class='av-structured-data'  itemprop=\"author\" itemscope=\"itemscope\" itemtype=\"https:\/\/schema.org\/Person\" ><span itemprop='name'>csetenyirefadmin<\/span><\/span><span class='av-structured-data'  itemprop=\"datePublished\" datetime=\"2024-10-21T12:07:57+02:00\" >2025-01-16 18:49:07<\/span><span class='av-structured-data'  itemprop=\"dateModified\" itemtype=\"https:\/\/schema.org\/dateModified\" >2025-01-16 18:49:26<\/span><span class='av-structured-data'  itemprop=\"mainEntityOfPage\" itemtype=\"https:\/\/schema.org\/mainEntityOfPage\" ><span itemprop='name'>Gal\u00e9ria<\/span><\/span><\/span><\/article><\/div><\/div><\/div>\n","protected":false},"excerpt":{"rendered":"","protected":false},"author":1,"featured_media":0,"parent":0,"menu_order":7,"comment_status":"closed","ping_status":"closed","template":"","meta":{"footnotes":""},"class_list":["post-36","page","type-page","status-publish","hentry"],"_links":{"self":[{"href":"https:\/\/csetenyireformatus.hu\/index.php?rest_route=\/wp\/v2\/pages\/36","targetHints":{"allow":["GET"]}}],"collection":[{"href":"https:\/\/csetenyireformatus.hu\/index.php?rest_route=\/wp\/v2\/pages"}],"about":[{"href":"https:\/\/csetenyireformatus.hu\/index.php?rest_route=\/wp\/v2\/types\/page"}],"author":[{"embeddable":true,"href":"https:\/\/csetenyireformatus.hu\/index.php?rest_route=\/wp\/v2\/users\/1"}],"replies":[{"embeddable":true,"href":"https:\/\/csetenyireformatus.hu\/index.php?rest_route=%2Fwp%2Fv2%2Fcomments&post=36"}],"version-history":[{"count":6,"href":"https:\/\/csetenyireformatus.hu\/index.php?rest_route=\/wp\/v2\/pages\/36\/revisions"}],"predecessor-version":[{"id":271,"href":"https:\/\/csetenyireformatus.hu\/index.php?rest_route=\/wp\/v2\/pages\/36\/revisions\/271"}],"wp:attachment":[{"href":"https:\/\/csetenyireformatus.hu\/index.php?rest_route=%2Fwp%2Fv2%2Fmedia&parent=36"}],"curies":[{"name":"wp","href":"https:\/\/api.w.org\/{rel}","templated":true}]}}