{"id":38,"date":"2024-10-21T12:08:08","date_gmt":"2024-10-21T10:08:08","guid":{"rendered":"https:\/\/csetenyireformatus.hu\/?page_id=38"},"modified":"2025-01-16T14:27:49","modified_gmt":"2025-01-16T13:27:49","slug":"kapcsolat","status":"publish","type":"page","link":"https:\/\/csetenyireformatus.hu\/?page_id=38","title":{"rendered":"KAPCSOLAT"},"content":{"rendered":"<div  class='flex_column av-27gda-d2521baee98a426b34a94a887809c7da av_one_half  avia-builder-el-0  el_before_av_one_half  avia-builder-el-first  first flex_column_div  '     ><p>\n<style type=\"text\/css\" data-created_by=\"avia_inline_auto\" id=\"style-css-av-m2metio8-af84eecf48d079c4cbd4abd8fa4fd38d\">\n#top .av-special-heading.av-m2metio8-af84eecf48d079c4cbd4abd8fa4fd38d{\npadding-bottom:50px;\n}\nbody .av-special-heading.av-m2metio8-af84eecf48d079c4cbd4abd8fa4fd38d .av-special-heading-tag .heading-char{\nfont-size:25px;\n}\n.av-special-heading.av-m2metio8-af84eecf48d079c4cbd4abd8fa4fd38d .av-subheading{\nfont-size:15px;\n}\n<\/style>\n<div  class='av-special-heading av-m2metio8-af84eecf48d079c4cbd4abd8fa4fd38d av-special-heading-h1 blockquote modern-quote  avia-builder-el-1  el_before_av_textblock  avia-builder-el-first '><h1 class='av-special-heading-tag '  itemprop=\"headline\"  >Kapcsolat<\/h1><div class=\"special-heading-border\"><div class=\"special-heading-inner-border\"><\/div><\/div><\/div><br \/>\n<section  class='av_textblock_section av-m2mezbzx-4436a0f12f12096d78d631db4ee62c5b '   itemscope=\"itemscope\" itemtype=\"https:\/\/schema.org\/CreativeWork\" ><div class='avia_textblock'  itemprop=\"text\" ><p>A gy\u00fclekezet c\u00edme:<br \/>\n<strong>8417 Cset\u00e9ny, R\u00e1k\u00f3czi u. 26.<\/strong><\/p>\n<p>Lelk\u00e9szi Hivatal el\u00e9rhet\u0151s\u00e9ge:<br \/>\n<strong>h\u00e9tf\u0151-p\u00e9ntek 8:00-15:00<\/strong><br \/>\nEmail: <a href=\"mailto:cseteny@reformatus.hu\">cseteny@reformatus.hu<\/a><br \/>\nTelefonsz\u00e1m: <a href=\"tel:+3688485096\">+36(88)485-096<\/a><\/p>\n<p>Lelkip\u00e1sztor:<br \/>\n<strong>Hajd\u00fa Ferenc<\/strong><br \/>\nMobiltelefonsz\u00e1m: <a href=\"tel:+36209800987\">+36(20)980-0987<\/a><\/p>\n<p>F\u0151gondnok:<br \/>\n<strong>Szalai S\u00e1ndorn\u00e9<\/strong><\/p>\n<\/div><\/section><br \/>\n\n<style type=\"text\/css\" data-created_by=\"avia_inline_auto\" id=\"style-css-av-m2mezt1y-b7a53bebeb53a501126855fc28989a7f\">\n#top .hr.hr-invisible.av-m2mezt1y-b7a53bebeb53a501126855fc28989a7f{\nheight:30px;\n}\n<\/style>\n<div  class='hr av-m2mezt1y-b7a53bebeb53a501126855fc28989a7f hr-invisible  avia-builder-el-3  el_after_av_textblock  el_before_av_textblock '><span class='hr-inner '><span class=\"hr-inner-style\"><\/span><\/span><\/div><br \/>\n<section  class='av_textblock_section av-m2mf4xqx-bb41eda2ae0bf958b957ade92eb3bd25 '   itemscope=\"itemscope\" itemtype=\"https:\/\/schema.org\/CreativeWork\" ><div class='avia_textblock'  itemprop=\"text\" ><h3>MEGK\u00d6ZEL\u00cdT\u00c9S &#8211; GOOGLE T\u00c9RK\u00c9P<\/h3>\n<\/div><\/section><br \/>\n\n<style type=\"text\/css\" data-created_by=\"avia_inline_auto\" id=\"style-css-av-1brs6-4595b1de69c33b322a37c054fc5a0a23\">\n@keyframes av_boxShadowEffect_av-1brs6-4595b1de69c33b322a37c054fc5a0a23 {\n0%   { box-shadow:  0 0 0 0 #898989; opacity: 1; }\n100% { box-shadow:  0 0 3px 0 #898989; opacity: 1; }\n}\n.avia-image-container.av-1brs6-4595b1de69c33b322a37c054fc5a0a23 img.avia_image{\nbox-shadow: 0 0 3px 0 #898989;\n}\n.avia-image-container.av-1brs6-4595b1de69c33b322a37c054fc5a0a23 .av-image-caption-overlay-center{\ncolor:#ffffff;\n}\n<\/style>\n<div  class='avia-image-container av-1brs6-4595b1de69c33b322a37c054fc5a0a23 av-styling- av-img-linked avia-align-center  avia-builder-el-5  el_after_av_textblock  avia-builder-el-last  av-img-box-shadow av-box-shadow-not-animated'   itemprop=\"image\" itemscope=\"itemscope\" itemtype=\"https:\/\/schema.org\/ImageObject\" ><div class=\"avia-image-container-inner\"><div class=\"avia-image-overlay-wrap\"><a href=\"https:\/\/www.google.com\/maps\/place\/Cset%C3%A9nyi+Reform%C3%A1tus+Egyh%C3%A1zk%C3%B6zs%C3%A9g\/@47.3155082,17.9958607,17z\/data=!3m1!4b1!4m6!3m5!1s0x476a29356952c5d1:0x358f7c0ab98fadfe!8m2!3d47.3155046!4d17.9984356!16s%2Fg%2F11gv0py634?entry=ttu&amp;g_ep=EgoyMDI0MTAyMS4xIKXMDSoASAFQAw%3D%3D\" class='avia_image '  target=\"_blank\"  rel=\"noopener noreferrer\" aria-label='Screenshot 2024-10-23 at 23-58-28 Cset\u00e9nyi Reform\u00e1tus Egyh\u00e1zk\u00f6zs\u00e9g \u2013 Google T\u00e9rk\u00e9p'><img decoding=\"async\" fetchpriority=\"high\" class='wp-image-95 avia-img-lazy-loading-not-95 avia_image shadow-not-animated' src=\"https:\/\/csetenyireformatus.hu\/wp-content\/uploads\/2024\/10\/Screenshot-2024-10-23-at-23-58-28-Csetenyi-Reformatus-Egyhazkozseg-\u2013-Google-Terkep.png\" alt='' title='Screenshot 2024-10-23 at 23-58-28 Cset\u00e9nyi Reform\u00e1tus Egyh\u00e1zk\u00f6zs\u00e9g \u2013 Google T\u00e9rk\u00e9p'  height=\"927\" width=\"1920\"  itemprop=\"thumbnailUrl\" srcset=\"https:\/\/csetenyireformatus.hu\/wp-content\/uploads\/2024\/10\/Screenshot-2024-10-23-at-23-58-28-Csetenyi-Reformatus-Egyhazkozseg-\u2013-Google-Terkep.png 1920w, https:\/\/csetenyireformatus.hu\/wp-content\/uploads\/2024\/10\/Screenshot-2024-10-23-at-23-58-28-Csetenyi-Reformatus-Egyhazkozseg-\u2013-Google-Terkep-300x145.png 300w, https:\/\/csetenyireformatus.hu\/wp-content\/uploads\/2024\/10\/Screenshot-2024-10-23-at-23-58-28-Csetenyi-Reformatus-Egyhazkozseg-\u2013-Google-Terkep-1030x497.png 1030w, https:\/\/csetenyireformatus.hu\/wp-content\/uploads\/2024\/10\/Screenshot-2024-10-23-at-23-58-28-Csetenyi-Reformatus-Egyhazkozseg-\u2013-Google-Terkep-768x371.png 768w, https:\/\/csetenyireformatus.hu\/wp-content\/uploads\/2024\/10\/Screenshot-2024-10-23-at-23-58-28-Csetenyi-Reformatus-Egyhazkozseg-\u2013-Google-Terkep-1536x742.png 1536w, https:\/\/csetenyireformatus.hu\/wp-content\/uploads\/2024\/10\/Screenshot-2024-10-23-at-23-58-28-Csetenyi-Reformatus-Egyhazkozseg-\u2013-Google-Terkep-1500x724.png 1500w, https:\/\/csetenyireformatus.hu\/wp-content\/uploads\/2024\/10\/Screenshot-2024-10-23-at-23-58-28-Csetenyi-Reformatus-Egyhazkozseg-\u2013-Google-Terkep-705x340.png 705w\" sizes=\"(max-width: 1920px) 100vw, 1920px\" \/><\/a><\/div><\/div><\/div><\/p><\/div>\n<style type=\"text\/css\" data-created_by=\"avia_inline_auto\" id=\"style-css-av-nlpy-91b12c365c1aa96eb205a65f36b5012a\">\n.flex_column.av-nlpy-91b12c365c1aa96eb205a65f36b5012a{\nborder-radius:25px 25px 25px 25px;\npadding:50px 50px 50px 50px;\nbackground-color:#efefef;\n}\n<\/style>\n<div  class='flex_column av-nlpy-91b12c365c1aa96eb205a65f36b5012a av_one_half  avia-builder-el-6  el_after_av_one_half  avia-builder-el-last  flex_column_div  '     ><form action=\"https:\/\/csetenyireformatus.hu\/?page_id=38\" method=\"post\" data-fields-with-error=\"Found errors in the following field(s):\" class=\"avia_ajax_form av-form-labels-visible   avia-builder-el-7  avia-builder-el-no-sibling   \" data-avia-form-id=\"1\" data-avia-redirect=''  aria-label='Kapcsolat \u0170rlap' ><h3 class=''>K\u00fcldj\u00f6n nek\u00fcnk \u00fczenetet!<\/h3><fieldset><p class='  first_form  form_element form_fullwidth' id='element_avia_1_1'><label for=\"avia_1_1\">N\u00e9v <abbr class=\"required\" title=\"required\">*<\/abbr><\/label> <input name=\"avia_1_1\" class=\"text_input is_empty\" type=\"text\" id=\"avia_1_1\" value=\"\" \/><\/p><p class='  first_form  form_element form_fullwidth' id='element_avia_2_1'><label for=\"avia_2_1\">E-Mail <abbr class=\"required\" title=\"required\">*<\/abbr><\/label> <input name=\"avia_2_1\" class=\"text_input is_email\" type=\"text\" id=\"avia_2_1\" value=\"\" \/><\/p><p class='  first_form  form_element form_fullwidth' id='element_avia_3_1'><label for=\"avia_3_1\">T\u00e1rgy <abbr class=\"required\" title=\"required\">*<\/abbr><\/label> <input name=\"avia_3_1\" class=\"text_input is_empty\" type=\"text\" id=\"avia_3_1\" value=\"\" \/><\/p><p class='  first_form  form_element form_fullwidth av-last-visible-form-element' id='element_avia_4_1'><label for=\"avia_4_1\" class=\"textare_label hidden textare_label_avia_4_1\">\u00dczenet <abbr class=\"required\" title=\"required\">*<\/abbr><\/label><textarea  name=\"avia_4_1\" class=\"text_area is_empty\" cols=\"40\" rows=\"7\" id=\"avia_4_1\" ><\/textarea><\/p><p class=\"hidden\"><input type=\"text\" name=\"avia_5_1\" class=\"hidden \" id=\"avia_5_1\" value=\"\" \/><\/p><p class=\"form_element \"><input type=\"hidden\" value=\"1\" name=\"avia_generated_form1\" \/><input type=\"submit\" value=\"K\u00dcLD\u00c9S\" class=\"button\"  data-sending-label=\"K\u00fcld\u00e9s\"\/><\/p><\/fieldset><\/form><div id=\"ajaxresponse_1\" class=\"ajaxresponse ajaxresponse_1 hidden\"><\/div><\/div><\/p>\n","protected":false},"excerpt":{"rendered":"","protected":false},"author":1,"featured_media":0,"parent":0,"menu_order":10,"comment_status":"closed","ping_status":"closed","template":"","meta":{"footnotes":""},"class_list":["post-38","page","type-page","status-publish","hentry"],"_links":{"self":[{"href":"https:\/\/csetenyireformatus.hu\/index.php?rest_route=\/wp\/v2\/pages\/38","targetHints":{"allow":["GET"]}}],"collection":[{"href":"https:\/\/csetenyireformatus.hu\/index.php?rest_route=\/wp\/v2\/pages"}],"about":[{"href":"https:\/\/csetenyireformatus.hu\/index.php?rest_route=\/wp\/v2\/types\/page"}],"author":[{"embeddable":true,"href":"https:\/\/csetenyireformatus.hu\/index.php?rest_route=\/wp\/v2\/users\/1"}],"replies":[{"embeddable":true,"href":"https:\/\/csetenyireformatus.hu\/index.php?rest_route=%2Fwp%2Fv2%2Fcomments&post=38"}],"version-history":[{"count":15,"href":"https:\/\/csetenyireformatus.hu\/index.php?rest_route=\/wp\/v2\/pages\/38\/revisions"}],"predecessor-version":[{"id":374,"href":"https:\/\/csetenyireformatus.hu\/index.php?rest_route=\/wp\/v2\/pages\/38\/revisions\/374"}],"wp:attachment":[{"href":"https:\/\/csetenyireformatus.hu\/index.php?rest_route=%2Fwp%2Fv2%2Fmedia&parent=38"}],"curies":[{"name":"wp","href":"https:\/\/api.w.org\/{rel}","templated":true}]}}